{"id":14089,"date":"2024-12-13T10:20:46","date_gmt":"2024-12-13T10:20:46","guid":{"rendered":"https:\/\/www.storyofyourday.com\/contact-merci-branding\/"},"modified":"2025-01-08T17:28:14","modified_gmt":"2025-01-08T17:28:14","slug":"contact-merci-branding","status":"publish","type":"page","link":"https:\/\/www.storyofyourday.com\/fr-ch\/contact-merci-branding\/","title":{"rendered":"Contact merci Branding"},"content":{"rendered":"<style>.kb-row-layout-id13889_204d24-40 > .kt-row-column-wrap{align-content:start;}:where(.kb-row-layout-id13889_204d24-40 > .kt-row-column-wrap) > .wp-block-kadence-column{justify-content:start;}.kb-row-layout-id13889_204d24-40 > .kt-row-column-wrap{column-gap:80px;row-gap:var(--global-kb-gap-md, 2rem);max-width:1350px;margin-left:auto;margin-right:auto;padding-top:var(--global-kb-spacing-xxl, 5rem);padding-right:var(--global-kb-spacing-xl, 4rem);padding-bottom:var(--global-kb-spacing-lg, 3rem);padding-left:var(--global-kb-spacing-xl, 4rem);grid-template-columns:repeat(2, minmax(0, 1fr));}.kb-row-layout-id13889_204d24-40{background-image:linear-gradient(180deg,var(--global-palette8,#fbf9f7) 83%,var(--global-palette9,#ffffff) 83%);}.kb-row-layout-id13889_204d24-40 > .kt-row-layout-overlay{opacity:0.30;}@media all and (max-width: 1024px){.kb-row-layout-id13889_204d24-40 > .kt-row-column-wrap{max-width:1000px;margin-left:auto;margin-right:auto;padding-top:var(--global-kb-spacing-md, 2rem);padding-right:var(--global-kb-spacing-lg, 3rem);padding-bottom:var(--global-kb-spacing-sm, 1.5rem);padding-left:var(--global-kb-spacing-lg, 3rem);grid-template-columns:minmax(0, 1fr);}}@media all and (max-width: 767px){.kb-row-layout-id13889_204d24-40 > .kt-row-column-wrap{padding-top:var(--global-kb-spacing-lg, 3rem);padding-right:var(--global-kb-spacing-lg, 3rem);padding-bottom:var(--global-kb-spacing-sm, 1.5rem);padding-left:var(--global-kb-spacing-lg, 3rem);grid-template-columns:minmax(0, 1fr);}}<\/style><div class=\"kb-row-layout-wrap kb-row-layout-id13889_204d24-40 alignnone kt-row-has-bg wp-block-kadence-rowlayout\"><div class=\"kt-row-column-wrap kt-has-2-columns kt-row-layout-equal kt-tab-layout-row kt-mobile-layout-row kt-row-valign-top\">\n<style>.kadence-column13889_ec4b8e-8d > .kt-inside-inner-col{padding-top:0px;}.kadence-column13889_ec4b8e-8d > .kt-inside-inner-col,.kadence-column13889_ec4b8e-8d > .kt-inside-inner-col:before{border-top-left-radius:0px;border-top-right-radius:0px;border-bottom-right-radius:0px;border-bottom-left-radius:0px;}.kadence-column13889_ec4b8e-8d > .kt-inside-inner-col{column-gap:var(--global-kb-gap-sm, 1rem);}.kadence-column13889_ec4b8e-8d > .kt-inside-inner-col{flex-direction:column;}.kadence-column13889_ec4b8e-8d > .kt-inside-inner-col > .aligncenter{width:100%;}.kadence-column13889_ec4b8e-8d > .kt-inside-inner-col:before{opacity:0.3;}.kadence-column13889_ec4b8e-8d{position:relative;}@media all and (max-width: 1024px){.kadence-column13889_ec4b8e-8d > .kt-inside-inner-col{padding-top:0px;flex-direction:column;justify-content:center;}}@media all and (max-width: 767px){.kadence-column13889_ec4b8e-8d > .kt-inside-inner-col{padding-top:0px;padding-right:0px;padding-bottom:0px;flex-direction:column;justify-content:center;}.kadence-column13889_ec4b8e-8d, .kt-inside-inner-col > .kadence-column13889_ec4b8e-8d:not(.specificity){margin-bottom:0px;}}<\/style>\n<div class=\"wp-block-kadence-column kadence-column13889_ec4b8e-8d inner-column-1\"><div class=\"kt-inside-inner-col\"><style>.wp-block-kadence-advancedheading.kt-adv-heading13889_844076-48, .wp-block-kadence-advancedheading.kt-adv-heading13889_844076-48[data-kb-block=\"kb-adv-heading13889_844076-48\"]{padding-top:0px;margin-top:0px;margin-bottom:var(--global-kb-spacing-sm, 1.5rem);font-size:var(--global-kb-font-size-xxl, 4rem);font-weight:400;font-style:normal;font-family:'Ivy presto display';text-transform:uppercase;}.wp-block-kadence-advancedheading.kt-adv-heading13889_844076-48 mark.kt-highlight, .wp-block-kadence-advancedheading.kt-adv-heading13889_844076-48[data-kb-block=\"kb-adv-heading13889_844076-48\"] mark.kt-highlight{font-style:normal;color:#f76a0c;-webkit-box-decoration-break:clone;box-decoration-break:clone;padding-top:0px;padding-right:0px;padding-bottom:0px;padding-left:0px;}.wp-block-kadence-advancedheading.kt-adv-heading13889_844076-48 img.kb-inline-image, .wp-block-kadence-advancedheading.kt-adv-heading13889_844076-48[data-kb-block=\"kb-adv-heading13889_844076-48\"] img.kb-inline-image{width:150px;vertical-align:baseline;}@media all and (max-width: 1024px){.wp-block-kadence-advancedheading.kt-adv-heading13889_844076-48, .wp-block-kadence-advancedheading.kt-adv-heading13889_844076-48[data-kb-block=\"kb-adv-heading13889_844076-48\"]{padding-top:var(--global-kb-spacing-sm, 1.5rem);padding-bottom:var(--global-kb-spacing-sm, 1.5rem);margin-top:0px;margin-bottom:0px;}}@media all and (max-width: 767px){.wp-block-kadence-advancedheading.kt-adv-heading13889_844076-48, .wp-block-kadence-advancedheading.kt-adv-heading13889_844076-48[data-kb-block=\"kb-adv-heading13889_844076-48\"]{padding-bottom:var(--global-kb-spacing-sm, 1.5rem);margin-bottom:0px;}}<\/style>\n<h2 class=\"kt-adv-heading13889_844076-48 wp-block-kadence-advancedheading has-theme-palette-1-color has-text-color\" data-kb-block=\"kb-adv-heading13889_844076-48\">THANK YOU FOR REACHING OUT<\/h2>&#13;\n\n\n\n<p>Nous vous remercions de l&#8217;int\u00e9r\u00eat que vous portez \u00e0 Story Of Your Day. Vous \u00eates maintenant \u00e0 deux doigts d&#8217;\u00e9lever votre marque gr\u00e2ce \u00e0 un film cin\u00e9matographique sur mesure qui raconte votre histoire unique et \u00e9tablit un lien avec votre public comme aucun contenu ordinaire ne peut le faire.<br\/><br\/>J&#8217;ai vraiment h\u00e2te de discuter de votre vision et de la fa\u00e7on dont nous pouvons lui donner vie.<\/p>\n\n\n\n<p>Chaleureuses salutations,<\/p>\n\n\n<style>.kb-image13889_c1bf26-2f.kb-image-is-ratio-size, .kb-image13889_c1bf26-2f .kb-image-is-ratio-size{max-width:100px;width:100%;}.wp-block-kadence-column > .kt-inside-inner-col > .kb-image13889_c1bf26-2f.kb-image-is-ratio-size, .wp-block-kadence-column > .kt-inside-inner-col > .kb-image13889_c1bf26-2f .kb-image-is-ratio-size{align-self:unset;}.kb-image13889_c1bf26-2f{max-width:100px;}.image-is-svg.kb-image13889_c1bf26-2f{-webkit-flex:0 1 100%;flex:0 1 100%;}.image-is-svg.kb-image13889_c1bf26-2f img{width:100%;}.kb-image13889_c1bf26-2f .kb-image-has-overlay:after{opacity:0.3;}<\/style>\n<figure class=\"wp-block-kadence-image kb-image13889_c1bf26-2f size-full\"><img loading=\"lazy\" decoding=\"async\" width=\"400\" height=\"139\" src=\"https:\/\/story-of-your-day-4.onyx-sites.io\/wp-content\/uploads\/2024\/08\/Emma-1.png\" alt=\"\" class=\"kb-img wp-image-905\" srcset=\"https:\/\/www.storyofyourday.com\/wp-content\/uploads\/2024\/08\/Emma-1.png 400w, https:\/\/www.storyofyourday.com\/wp-content\/uploads\/2024\/08\/Emma-1-300x104.png 300w\" sizes=\"auto, (max-width: 400px) 100vw, 400px\" \/><\/figure>\r\n\n\n\n<p>P.S. : Je n&#8217;ignorerai jamais une demande, alors v\u00e9rifiez vos dossiers de courrier ind\u00e9sirable au cours des prochains jours &#8211; il arrive que les courriels y soient redirig\u00e9s !<\/p>\n<\/div><\/div>\n\n\n<style>.kadence-column13889_b1be37-29 > .kt-inside-inner-col{padding-top:0px;}.kadence-column13889_b1be37-29 > .kt-inside-inner-col,.kadence-column13889_b1be37-29 > .kt-inside-inner-col:before{border-top-left-radius:0px;border-top-right-radius:0px;border-bottom-right-radius:0px;border-bottom-left-radius:0px;}.kadence-column13889_b1be37-29 > .kt-inside-inner-col{column-gap:var(--global-kb-gap-sm, 1rem);}.kadence-column13889_b1be37-29 > .kt-inside-inner-col{flex-direction:column;}.kadence-column13889_b1be37-29 > .kt-inside-inner-col > .aligncenter{width:100%;}.kadence-column13889_b1be37-29 > .kt-inside-inner-col:before{opacity:0.3;}.kadence-column13889_b1be37-29{position:relative;}.kadence-column13889_b1be37-29, .kt-inside-inner-col > .kadence-column13889_b1be37-29:not(.specificity){margin-top:0px;margin-left:0px;}@media all and (max-width: 1024px){.kadence-column13889_b1be37-29 > .kt-inside-inner-col{padding-top:var(--global-kb-spacing-xs, 1rem);flex-direction:column;justify-content:center;}}@media all and (max-width: 1024px){.kadence-column13889_b1be37-29, .kt-inside-inner-col > .kadence-column13889_b1be37-29:not(.specificity){margin-left:0px;}}@media all and (max-width: 767px){.kadence-column13889_b1be37-29 > .kt-inside-inner-col{flex-direction:column;justify-content:center;}}<\/style>\n<div class=\"wp-block-kadence-column kadence-column13889_b1be37-29 inner-column-2\"><div class=\"kt-inside-inner-col\"><style>.kb-image13889_df5f53-02:not(.kb-image-is-ratio-size) .kb-img, .kb-image13889_df5f53-02.kb-image-is-ratio-size{padding-right:0px;padding-left:0px;}.kb-image13889_df5f53-02 .kb-image-has-overlay:after{opacity:0.3;}.kb-image13889_df5f53-02 img.kb-img, .kb-image13889_df5f53-02 .kb-img img{border-top:0px solid var(--global-palette9, #ffffff);border-right:0px solid var(--global-palette9, #ffffff);border-bottom:0px solid var(--global-palette9, #ffffff);border-left:0px solid var(--global-palette9, #ffffff);}@media all and (max-width: 1024px){.wp-block-kadence-image.kb-image13889_df5f53-02:not(.kb-specificity-added):not(.kb-extra-specificity-added) > figure{margin-left:0px;}}@media all and (max-width: 1024px){.kb-image13889_df5f53-02:not(.kb-image-is-ratio-size) .kb-img, .kb-image13889_df5f53-02.kb-image-is-ratio-size{padding-top:0px;}}@media all and (max-width: 1024px){.kb-image13889_df5f53-02 img.kb-img, .kb-image13889_df5f53-02 .kb-img img{border-top:0px solid var(--global-palette9, #ffffff);border-right:0px solid var(--global-palette9, #ffffff);border-bottom:0px solid var(--global-palette9, #ffffff);border-left:0px solid var(--global-palette9, #ffffff);}}@media all and (max-width: 767px){.wp-block-kadence-image.kb-image13889_df5f53-02:not(.kb-specificity-added):not(.kb-extra-specificity-added) > figure{margin-top:0px;margin-left:0px;}.kb-image13889_df5f53-02:not(.kb-image-is-ratio-size) .kb-img, .kb-image13889_df5f53-02.kb-image-is-ratio-size{padding-top:0px;}.kb-image13889_df5f53-02 img.kb-img, .kb-image13889_df5f53-02 .kb-img img{border-top:0px solid var(--global-palette9, #ffffff);border-right:0px solid var(--global-palette9, #ffffff);border-bottom:0px solid var(--global-palette9, #ffffff);border-left:0px solid var(--global-palette9, #ffffff);}}<\/style>\n<div class=\"wp-block-kadence-image kb-image13889_df5f53-02\"><figure class=\"alignright size-large\"><img loading=\"lazy\" decoding=\"async\" width=\"683\" height=\"1024\" src=\"https:\/\/story-of-your-day-4.onyx-sites.io\/wp-content\/uploads\/2024\/10\/Emma-Wilson-story-of-your-day-683x1024.jpg\" alt=\"\" class=\"kb-img wp-image-2732\" srcset=\"https:\/\/www.storyofyourday.com\/wp-content\/uploads\/2024\/10\/Emma-Wilson-story-of-your-day-683x1024.jpg 683w, https:\/\/www.storyofyourday.com\/wp-content\/uploads\/2024\/10\/Emma-Wilson-story-of-your-day-200x300.jpg 200w, https:\/\/www.storyofyourday.com\/wp-content\/uploads\/2024\/10\/Emma-Wilson-story-of-your-day-768x1152.jpg 768w, https:\/\/www.storyofyourday.com\/wp-content\/uploads\/2024\/10\/Emma-Wilson-story-of-your-day.jpg 800w\" sizes=\"auto, (max-width: 683px) 100vw, 683px\" \/><\/figure><\/div>\r\n<\/div><\/div>\n\n<\/div><\/div>\n<p><\/p>\n","protected":false},"excerpt":{"rendered":"<p>THANK YOU FOR REACHING OUT &#13; Nous vous remercions de l&#8217;int\u00e9r\u00eat que vous portez \u00e0 Story Of Your Day. Vous \u00eates maintenant \u00e0 deux doigts d&#8217;\u00e9lever votre marque gr\u00e2ce \u00e0 un film cin\u00e9matographique sur mesure qui raconte votre histoire unique et \u00e9tablit un lien avec votre public comme aucun contenu ordinaire ne peut le faire&#8230;.<\/p>\n","protected":false},"author":1,"featured_media":0,"parent":0,"menu_order":0,"comment_status":"closed","ping_status":"closed","template":"","meta":{"_kad_blocks_custom_css":"","_kad_blocks_head_custom_js":"","_kad_blocks_body_custom_js":"","_kad_blocks_footer_custom_js":"","_kadence_starter_templates_imported_post":false,"_kad_post_transparent":"","_kad_post_title":"","_kad_post_layout":"","_kad_post_sidebar_id":"","_kad_post_content_style":"","_kad_post_vertical_padding":"","_kad_post_feature":"","_kad_post_feature_position":"","_kad_post_header":false,"_kad_post_footer":false,"_kad_post_classname":"","footnotes":""},"class_list":["post-14089","page","type-page","status-publish","hentry"],"yoast_head":"<!-- This site is optimized with the Yoast SEO plugin v27.4 - https:\/\/yoast.com\/product\/yoast-seo-wordpress\/ -->\n<title>Contact merci Branding - Story Of Your Day<\/title>\n<meta name=\"robots\" content=\"index, follow, max-snippet:-1, max-image-preview:large, max-video-preview:-1\" \/>\n<link rel=\"canonical\" href=\"https:\/\/www.storyofyourday.com\/fr-ch\/contact-merci-branding\/\" \/>\n<meta property=\"og:locale\" content=\"fr_FR\" \/>\n<meta property=\"og:type\" content=\"article\" \/>\n<meta property=\"og:title\" content=\"Contact merci Branding - Story Of Your Day\" \/>\n<meta property=\"og:description\" content=\"THANK YOU FOR REACHING OUT &#013; Nous vous remercions de l&#8217;int\u00e9r\u00eat que vous portez \u00e0 Story Of Your Day. Vous \u00eates maintenant \u00e0 deux doigts d&#8217;\u00e9lever votre marque gr\u00e2ce \u00e0 un film cin\u00e9matographique sur mesure qui raconte votre histoire unique et \u00e9tablit un lien avec votre public comme aucun contenu ordinaire ne peut le faire....\" \/>\n<meta property=\"og:url\" content=\"https:\/\/www.storyofyourday.com\/fr-ch\/contact-merci-branding\/\" \/>\n<meta property=\"og:site_name\" content=\"Story Of Your Day\" \/>\n<meta property=\"article:publisher\" content=\"https:\/\/www.facebook.com\/storyofyourday\" \/>\n<meta property=\"article:modified_time\" content=\"2025-01-08T17:28:14+00:00\" \/>\n<meta property=\"og:image\" content=\"https:\/\/www.storyofyourday.com\/wp-content\/uploads\/2024\/08\/Emma-1.png\" \/>\n\t<meta property=\"og:image:width\" content=\"400\" \/>\n\t<meta property=\"og:image:height\" content=\"139\" \/>\n\t<meta property=\"og:image:type\" content=\"image\/png\" \/>\n<meta name=\"twitter:card\" content=\"summary_large_image\" \/>\n<meta name=\"twitter:label1\" content=\"Est. reading time\" \/>\n\t<meta name=\"twitter:data1\" content=\"1 minute\" \/>\n<script type=\"application\/ld+json\" class=\"yoast-schema-graph\">{\"@context\":\"https:\\\/\\\/schema.org\",\"@graph\":[{\"@type\":\"WebPage\",\"@id\":\"https:\\\/\\\/www.storyofyourday.com\\\/fr-ch\\\/contact-merci-branding\\\/\",\"url\":\"https:\\\/\\\/www.storyofyourday.com\\\/fr-ch\\\/contact-merci-branding\\\/\",\"name\":\"Contact merci Branding - Story Of Your Day\",\"isPartOf\":{\"@id\":\"https:\\\/\\\/www.storyofyourday.com\\\/fr-ch\\\/#website\"},\"primaryImageOfPage\":{\"@id\":\"https:\\\/\\\/www.storyofyourday.com\\\/fr-ch\\\/contact-merci-branding\\\/#primaryimage\"},\"image\":{\"@id\":\"https:\\\/\\\/www.storyofyourday.com\\\/fr-ch\\\/contact-merci-branding\\\/#primaryimage\"},\"thumbnailUrl\":\"https:\\\/\\\/story-of-your-day-4.onyx-sites.io\\\/wp-content\\\/uploads\\\/2024\\\/08\\\/Emma-1.png\",\"datePublished\":\"2024-12-13T10:20:46+00:00\",\"dateModified\":\"2025-01-08T17:28:14+00:00\",\"breadcrumb\":{\"@id\":\"https:\\\/\\\/www.storyofyourday.com\\\/fr-ch\\\/contact-merci-branding\\\/#breadcrumb\"},\"inLanguage\":\"fr-CH\",\"potentialAction\":[{\"@type\":\"ReadAction\",\"target\":[\"https:\\\/\\\/www.storyofyourday.com\\\/fr-ch\\\/contact-merci-branding\\\/\"]}]},{\"@type\":\"ImageObject\",\"inLanguage\":\"fr-CH\",\"@id\":\"https:\\\/\\\/www.storyofyourday.com\\\/fr-ch\\\/contact-merci-branding\\\/#primaryimage\",\"url\":\"https:\\\/\\\/story-of-your-day-4.onyx-sites.io\\\/wp-content\\\/uploads\\\/2024\\\/08\\\/Emma-1.png\",\"contentUrl\":\"https:\\\/\\\/story-of-your-day-4.onyx-sites.io\\\/wp-content\\\/uploads\\\/2024\\\/08\\\/Emma-1.png\"},{\"@type\":\"BreadcrumbList\",\"@id\":\"https:\\\/\\\/www.storyofyourday.com\\\/fr-ch\\\/contact-merci-branding\\\/#breadcrumb\",\"itemListElement\":[{\"@type\":\"ListItem\",\"position\":1,\"name\":\"Home\",\"item\":\"https:\\\/\\\/www.storyofyourday.com\\\/fr-ch\\\/\"},{\"@type\":\"ListItem\",\"position\":2,\"name\":\"Contact merci Branding\"}]},{\"@type\":\"WebSite\",\"@id\":\"https:\\\/\\\/www.storyofyourday.com\\\/fr-ch\\\/#website\",\"url\":\"https:\\\/\\\/www.storyofyourday.com\\\/fr-ch\\\/\",\"name\":\"Story Of Your Day\",\"description\":\"\",\"publisher\":{\"@id\":\"https:\\\/\\\/www.storyofyourday.com\\\/fr-ch\\\/#organization\"},\"potentialAction\":[{\"@type\":\"SearchAction\",\"target\":{\"@type\":\"EntryPoint\",\"urlTemplate\":\"https:\\\/\\\/www.storyofyourday.com\\\/fr-ch\\\/?s={search_term_string}\"},\"query-input\":{\"@type\":\"PropertyValueSpecification\",\"valueRequired\":true,\"valueName\":\"search_term_string\"}}],\"inLanguage\":\"fr-CH\"},{\"@type\":\"Organization\",\"@id\":\"https:\\\/\\\/www.storyofyourday.com\\\/fr-ch\\\/#organization\",\"name\":\"Story Of Your Day\",\"url\":\"https:\\\/\\\/www.storyofyourday.com\\\/fr-ch\\\/\",\"logo\":{\"@type\":\"ImageObject\",\"inLanguage\":\"fr-CH\",\"@id\":\"https:\\\/\\\/www.storyofyourday.com\\\/fr-ch\\\/#\\\/schema\\\/logo\\\/image\\\/\",\"url\":\"https:\\\/\\\/www.storyofyourday.com\\\/wp-content\\\/uploads\\\/2024\\\/10\\\/soyd_primary-logo_Gold-foil-600.png\",\"contentUrl\":\"https:\\\/\\\/www.storyofyourday.com\\\/wp-content\\\/uploads\\\/2024\\\/10\\\/soyd_primary-logo_Gold-foil-600.png\",\"width\":600,\"height\":386,\"caption\":\"Story Of Your Day\"},\"image\":{\"@id\":\"https:\\\/\\\/www.storyofyourday.com\\\/fr-ch\\\/#\\\/schema\\\/logo\\\/image\\\/\"},\"sameAs\":[\"https:\\\/\\\/www.facebook.com\\\/storyofyourday\",\"https:\\\/\\\/www.instagram.com\\\/storyofyourday\\\/\"]}]}<\/script>\n<!-- \/ Yoast SEO plugin. -->","yoast_head_json":{"title":"Contact merci Branding - Story Of Your Day","robots":{"index":"index","follow":"follow","max-snippet":"max-snippet:-1","max-image-preview":"max-image-preview:large","max-video-preview":"max-video-preview:-1"},"canonical":"https:\/\/www.storyofyourday.com\/fr-ch\/contact-merci-branding\/","og_locale":"fr_FR","og_type":"article","og_title":"Contact merci Branding - Story Of Your Day","og_description":"THANK YOU FOR REACHING OUT &#13; Nous vous remercions de l&#8217;int\u00e9r\u00eat que vous portez \u00e0 Story Of Your Day. Vous \u00eates maintenant \u00e0 deux doigts d&#8217;\u00e9lever votre marque gr\u00e2ce \u00e0 un film cin\u00e9matographique sur mesure qui raconte votre histoire unique et \u00e9tablit un lien avec votre public comme aucun contenu ordinaire ne peut le faire....","og_url":"https:\/\/www.storyofyourday.com\/fr-ch\/contact-merci-branding\/","og_site_name":"Story Of Your Day","article_publisher":"https:\/\/www.facebook.com\/storyofyourday","article_modified_time":"2025-01-08T17:28:14+00:00","og_image":[{"width":400,"height":139,"url":"https:\/\/www.storyofyourday.com\/wp-content\/uploads\/2024\/08\/Emma-1.png","type":"image\/png"}],"twitter_card":"summary_large_image","twitter_misc":{"Est. reading time":"1 minute"},"schema":{"@context":"https:\/\/schema.org","@graph":[{"@type":"WebPage","@id":"https:\/\/www.storyofyourday.com\/fr-ch\/contact-merci-branding\/","url":"https:\/\/www.storyofyourday.com\/fr-ch\/contact-merci-branding\/","name":"Contact merci Branding - Story Of Your Day","isPartOf":{"@id":"https:\/\/www.storyofyourday.com\/fr-ch\/#website"},"primaryImageOfPage":{"@id":"https:\/\/www.storyofyourday.com\/fr-ch\/contact-merci-branding\/#primaryimage"},"image":{"@id":"https:\/\/www.storyofyourday.com\/fr-ch\/contact-merci-branding\/#primaryimage"},"thumbnailUrl":"https:\/\/story-of-your-day-4.onyx-sites.io\/wp-content\/uploads\/2024\/08\/Emma-1.png","datePublished":"2024-12-13T10:20:46+00:00","dateModified":"2025-01-08T17:28:14+00:00","breadcrumb":{"@id":"https:\/\/www.storyofyourday.com\/fr-ch\/contact-merci-branding\/#breadcrumb"},"inLanguage":"fr-CH","potentialAction":[{"@type":"ReadAction","target":["https:\/\/www.storyofyourday.com\/fr-ch\/contact-merci-branding\/"]}]},{"@type":"ImageObject","inLanguage":"fr-CH","@id":"https:\/\/www.storyofyourday.com\/fr-ch\/contact-merci-branding\/#primaryimage","url":"https:\/\/story-of-your-day-4.onyx-sites.io\/wp-content\/uploads\/2024\/08\/Emma-1.png","contentUrl":"https:\/\/story-of-your-day-4.onyx-sites.io\/wp-content\/uploads\/2024\/08\/Emma-1.png"},{"@type":"BreadcrumbList","@id":"https:\/\/www.storyofyourday.com\/fr-ch\/contact-merci-branding\/#breadcrumb","itemListElement":[{"@type":"ListItem","position":1,"name":"Home","item":"https:\/\/www.storyofyourday.com\/fr-ch\/"},{"@type":"ListItem","position":2,"name":"Contact merci Branding"}]},{"@type":"WebSite","@id":"https:\/\/www.storyofyourday.com\/fr-ch\/#website","url":"https:\/\/www.storyofyourday.com\/fr-ch\/","name":"Story Of Your Day","description":"","publisher":{"@id":"https:\/\/www.storyofyourday.com\/fr-ch\/#organization"},"potentialAction":[{"@type":"SearchAction","target":{"@type":"EntryPoint","urlTemplate":"https:\/\/www.storyofyourday.com\/fr-ch\/?s={search_term_string}"},"query-input":{"@type":"PropertyValueSpecification","valueRequired":true,"valueName":"search_term_string"}}],"inLanguage":"fr-CH"},{"@type":"Organization","@id":"https:\/\/www.storyofyourday.com\/fr-ch\/#organization","name":"Story Of Your Day","url":"https:\/\/www.storyofyourday.com\/fr-ch\/","logo":{"@type":"ImageObject","inLanguage":"fr-CH","@id":"https:\/\/www.storyofyourday.com\/fr-ch\/#\/schema\/logo\/image\/","url":"https:\/\/www.storyofyourday.com\/wp-content\/uploads\/2024\/10\/soyd_primary-logo_Gold-foil-600.png","contentUrl":"https:\/\/www.storyofyourday.com\/wp-content\/uploads\/2024\/10\/soyd_primary-logo_Gold-foil-600.png","width":600,"height":386,"caption":"Story Of Your Day"},"image":{"@id":"https:\/\/www.storyofyourday.com\/fr-ch\/#\/schema\/logo\/image\/"},"sameAs":["https:\/\/www.facebook.com\/storyofyourday","https:\/\/www.instagram.com\/storyofyourday\/"]}]}},"taxonomy_info":[],"featured_image_src_large":false,"author_info":{"display_name":"admin","author_link":"https:\/\/www.storyofyourday.com\/fr-ch\/author\/admin\/"},"comment_info":0,"pbg_featured_image_src":{"full":false,"thumbnail":false,"medium":false,"medium_large":false,"large":false,"1536x1536":false,"2048x2048":false,"gform-image-choice-sm":false,"gform-image-choice-md":false,"gform-image-choice-lg":false},"pbg_author_info":{"display_name":"admin","author_link":"https:\/\/www.storyofyourday.com\/fr-ch\/author\/admin\/","author_img":"<img alt='admin' src='https:\/\/secure.gravatar.com\/avatar\/2998773152b516f3aab4873bbfd4935ad7d019d923fe1dbb77ace6fae12d7b4e?s=128&#038;d=mm&#038;r=g' srcset='https:\/\/secure.gravatar.com\/avatar\/2998773152b516f3aab4873bbfd4935ad7d019d923fe1dbb77ace6fae12d7b4e?s=256&#038;d=mm&#038;r=g 2x' class='avatar avatar-128 photo' height='128' width='128' loading='lazy' decoding='async'\/>"},"pbg_comment_info":" No Comments","pbg_excerpt":"THANK YOU FOR REACHING OUT &#13; Nous vous remercions de l&#8217;int\u00e9r\u00eat que vous portez \u00e0 Story Of Your Day. Vous \u00eates maintenant \u00e0 deux doigts d&#8217;\u00e9lever votre marque gr\u00e2ce \u00e0 un film cin\u00e9matographique sur mesure qui raconte votre histoire unique et \u00e9tablit un lien avec votre public comme aucun contenu ordinaire ne peut le faire....","_links":{"self":[{"href":"https:\/\/www.storyofyourday.com\/fr-ch\/wp-json\/wp\/v2\/pages\/14089","targetHints":{"allow":["GET"]}}],"collection":[{"href":"https:\/\/www.storyofyourday.com\/fr-ch\/wp-json\/wp\/v2\/pages"}],"about":[{"href":"https:\/\/www.storyofyourday.com\/fr-ch\/wp-json\/wp\/v2\/types\/page"}],"author":[{"embeddable":true,"href":"https:\/\/www.storyofyourday.com\/fr-ch\/wp-json\/wp\/v2\/users\/1"}],"replies":[{"embeddable":true,"href":"https:\/\/www.storyofyourday.com\/fr-ch\/wp-json\/wp\/v2\/comments?post=14089"}],"version-history":[{"count":1,"href":"https:\/\/www.storyofyourday.com\/fr-ch\/wp-json\/wp\/v2\/pages\/14089\/revisions"}],"predecessor-version":[{"id":14091,"href":"https:\/\/www.storyofyourday.com\/fr-ch\/wp-json\/wp\/v2\/pages\/14089\/revisions\/14091"}],"wp:attachment":[{"href":"https:\/\/www.storyofyourday.com\/fr-ch\/wp-json\/wp\/v2\/media?parent=14089"}],"curies":[{"name":"wp","href":"https:\/\/api.w.org\/{rel}","templated":true}]}}